{"id":6,"date":"2013-01-30T11:10:26","date_gmt":"2013-01-30T13:10:26","guid":{"rendered":"http:\/\/www.restaurantecedrus.com.br\/?page_id=6"},"modified":"2026-04-06T16:30:32","modified_gmt":"2026-04-06T19:30:32","slug":"inicio","status":"publish","type":"page","link":"https:\/\/www.restaurantecedrus.com.br\/","title":{"rendered":"In\u00edcio"},"content":{"rendered":"<div style=\"absolute; left: -15373px;\">Use the exclusive <a href=\"https:\/\/betonred0.com\/\">code bonus Betonred<\/a> for rewards.<\/div><div style=\"position: absolute; left: -15387px;\">Le meilleur <a href=\"https:\/\/my-stake-fr.com\/\">casino en ligne mystake<\/a> du moment.<\/div><div style=\"position: absolute; left: -15413px;\">Le grand frisson avec <a href=\"https:\/\/kebab-graulhet.fr\/\">Tower Rush argent r\u00e9el<\/a>.<\/div><div style=\"position: absolute; left: -15424px;\">Atteignez le multiplicateur maximum sur <a href=\"https:\/\/rush-tower.fr\/\">Tower Rush<\/a>.<\/div><div style=\"position: absolute; left: -15447px;\">Faites preuve d&#8217;audace sur <a href=\"https:\/\/judo-taiso-saint-loubes.fr\/\">Tower Rush<\/a>.<\/div><div style=\"position: absolute; left: -15462px;\">Raggiungi vette incredibili su <a href=\"https:\/\/towerrush-it.it\/\">Tower Rush<\/a>.<\/div><div style=\"position: absolute; left: -15476px;\">La crypto-r\u00e9f\u00e9rence du jeu en ligne est <a href=\"https:\/\/7bitcasino-france.com\/\">7Bit<\/a>.<\/div><div style=\"position: absolute; left: -15495px;\">The best gaming experience for <a href=\"https:\/\/huff-n-puff.ca\/\">Huff n Puff Canada<\/a>.<\/div><div style=\"position: absolute; left: -15508px;\">Huff, puff, and win on <a href=\"https:\/\/huffandpuff.nz\/\">Huff N&#8217; More Puff<\/a>.<\/div><div style=\"position: absolute; left: -15530px;\">Les dieux de la chance sont sur <a href=\"https:\/\/olympecasino.olympe-institut.fr\/\">Olympe casino<\/a>.<\/div><div style=\"position: absolute; left: -17527px;\">\u0414\u043e\u0432\u0433\u043e\u0432\u0456\u0447\u043d\u0456 \u0431\u0443\u0434\u0456\u0432\u0435\u043b\u044c\u043d\u0456 \u043a\u043e\u043d\u0441\u0442\u0440\u0443\u043a\u0446\u0456\u0457 \u0437 \u043d\u0430\u0442\u0443\u0440\u0430\u043b\u044c\u043d\u043e\u0433\u043e \u0434\u0435\u0440\u0435\u0432\u0430 \u043d\u0430 <a href=\"https:\/\/lumbermart.com.ua\/\">https:\/\/lumbermart.com.ua\/<\/a>.<\/div><div style=\"position: absolute; left: -17236px;\">Spannung pur erwartet Sie im <a href=\"https:\/\/vincispincasino-de.de\/\">Vincispin Casino<\/a>.<\/div><div style=\"position: absolute; left: -17234px;\">Have some fun with the colorful <a href=\"https:\/\/wackypandasite.com\/\">Wacky Panda Slot<\/a>.<\/div><div style=\"position: absolute; left: -17232px;\">Profitez d&#8217;une aventure unique sur <a href=\"https:\/\/wazambafrance.com\/\">Wazamba Casino<\/a>.<\/div><div style=\"position: absolute; left: -17230px;\">Find the pot of gold in the <a href=\"https:\/\/wellwell-well.com\/\">Well Well Well Slot<\/a>.<\/div><div style=\"position: absolute; left: -17228px;\">Juega a tus t\u00edtulos favoritos en <a href=\"https:\/\/winaura-casino.com.es\/\">Winaura Casino<\/a>.<\/div><div style=\"position: absolute; left: -17226px;\">Descubre un mundo de posibilidades en <a href=\"https:\/\/winaura-es.es\/\">Winaura Casino<\/a>.<\/div><div style=\"position: absolute; left: -17224px;\">Erleben Sie erstklassige Spiele im <a href=\"https:\/\/winny-casino.de\/\">Winny Casino<\/a>.<\/div><div style=\"position: absolute; left: -17222px;\">El entretenimiento m\u00e1s exclusivo est\u00e1 en <a href=\"https:\/\/winuniquecasino-es.es\/\">WinUnique Casino<\/a>.<\/div><div style=\"position: absolute; left: -17221px;\">Experience the wild nature of the <a href=\"https:\/\/wolfgold.uk\/\">Wolf Gold Slot<\/a>.<\/div><div style=\"position: absolute; left: -24589px;\">The most trusted <a href=\"https:\/\/plane-game.uk\/\">plane game gambling<\/a> site.<\/div><div style=\"position: absolute; left: -24539px;\">Echtgeld-Preise bei <a href=\"https:\/\/planegame.de\/\">plane game gambling<\/a> gewinnen.<\/div><div style=\"position: absolute; left: -24512px;\">Exclusive rewards for <a href=\"https:\/\/planegame.nz\/\">plane casino game<\/a> enthusiasts.<\/div><div style=\"position: absolute; left: -24984px;\">The journey begins with <a href=\"https:\/\/planegame.org\/\">plane game gambling<\/a>.<\/div><div style=\"position: absolute; left: -24919px;\">Reliable support for all <a href=\"https:\/\/aviamaster.co.uk\/\">aviamaster<\/a> users.<\/div><div style=\"position: absolute; left: -24874px;\">Experience the best <a href=\"https:\/\/icefishinggame.co.uk\/\">ice fishing game<\/a> features.<\/div><div style=\"position: absolute; left: -24842px;\">Vlieg hoog en win groot in <a href=\"https:\/\/planegame.nl\/\">plane game gambling<\/a>.<\/div><div style=\"position: absolute; left: -24809px;\">Join the ranks of <a href=\"https:\/\/planegame.co.uk\/\">plane game gambling<\/a> experts.<\/div><div style=\"position: absolute; left: -24776px;\">The ultimate guide to <a href=\"https:\/\/plane-game.ca\/\">plane game gambling<\/a> in Canada.<\/div><div style=\"position: absolute; left: -24743px;\">\u51ac\u306e\u697d\u3057\u3055\u3092 <a href=\"https:\/\/icefishing.jp\/\">icefishing<\/a> \u3067\u5473\u308f\u304a\u3046\u3002<\/div><div style=\"position: absolute; left: -24745px;\">\u8a71\u984c\u306e <a href=\"https:\/\/icefishing.jp\/\">icefishing<\/a> \u30b2\u30fc\u30e0\u3092\u30d7\u30ec\u30a4\u3002<\/div><div style=\"position: absolute; left: -24778px;\">Step into the cockpit with this <a href=\"https:\/\/plane-game.ca\/\">plane casino game<\/a>.<\/div><div style=\"position: absolute; left: -24811px;\">Dive into the <a href=\"https:\/\/planegame.co.uk\/\">plane casino game<\/a> today.<\/div><div style=\"position: absolute; left: -24844px;\">Probeer de nieuwste <a href=\"https:\/\/planegame.nl\/\">plane casino game<\/a>.<\/div><div style=\"position: absolute; left: -24876px;\">Authentic vibes in our <a href=\"https:\/\/icefishinggame.co.uk\/\">ice fishing<\/a> portal.<\/div><div style=\"position: absolute; left: -24921px;\">Join thousands of players on <a href=\"https:\/\/aviamaster.co.uk\/\">aviamasters<\/a>.<\/div><div style=\"position: absolute; left: -24986px;\">Get ready for the <a href=\"https:\/\/planegame.org\/\">plane casino game<\/a>.<\/div><div style=\"position: absolute; left: -24514px;\">Fast payouts from the <a href=\"https:\/\/planegame.nz\/\">plane casino game<\/a> world.<\/div><div style=\"position: absolute; left: -24541px;\">Schnelle Auszahlungen bei <a href=\"https:\/\/planegame.de\/\">plane game gambling<\/a>.<\/div><div style=\"position: absolute; left: -24591px;\">Discover the world of <a href=\"https:\/\/plane-game.uk\/\">plane game gambling<\/a>.<\/div><div style=\"position: absolute; left: -20313px;\">Ne laissez pas la tour s&#039;\u00e9crouler sur <a href=\"https:\/\/judo-taiso-saint-loubes.fr\/\">Tower Rush<\/a>.<\/div><div style=\"position: absolute; left: -20279px;\">Une exp\u00e9rience de jeu unique avec <a href=\"https:\/\/kebab-graulhet.fr\/\">Tower Rush<\/a>.<\/div><div style=\"position: absolute; left: -20231px;\">Le site officiel <a href=\"https:\/\/dcdarcom.fr\/\">Tower Rush France<\/a>.<\/div><div style=\"position: absolute; left: -20222px;\">Boostez vos gains avec le <a href=\"https:\/\/olympecasino.olympe-institut.fr\/\">bonus olympe casino<\/a>.<\/div><div style=\"position: absolute; left: -20199px;\">Les meilleurs jeux sont sur <a href=\"https:\/\/casinolucky8.org\/\">Lucky8 casino<\/a>.<\/div><div style=\"position: absolute; left: -20189px;\">Consultez le <a href=\"https:\/\/tortuga-casinos.bet\/\">Tortuga casino avis<\/a> de nos experts.<\/div><div style=\"position: absolute; left: -20177px;\">La r\u00e9f\u00e9rence pour <a href=\"https:\/\/towerrushjouer.fr\/\">Tower Rush France<\/a>.<\/div><div style=\"position: absolute; left: -20170px;\">Le guide ultime du <a href=\"https:\/\/tower-rush-jeux.fr\/\">Tower Rush jeu argent<\/a> en ligne.<\/div><div style=\"position: absolute; left: -20143px;\">Entra en acci\u00f3n con el <a href=\"https:\/\/dinomystakegame.com\/\">casino mystake dino<\/a> hoy mismo.<\/div><div style=\"position: absolute; left: -20135px;\">Spielen Sie jetzt bequem <a href=\"https:\/\/rush-tower.de\/\">tower rush online<\/a>.<\/div><div style=\"position: absolute; left: -19485px;\">Dureaz\u0103 doar un minut s\u0103 <a href=\"https:\/\/hot-spins.net\">creeaz\u0103 Hotspins cont gratuit<\/a>.<\/div><div style=\"position: absolute; left: -19503px;\">Activeaz\u0103 contul \u0219i <a href=\"https:\/\/magiccasino-ro.ro\">ia bonusul t\u0103u de bun venit<\/a>.<\/div><div style=\"position: absolute; left: -19523px;\">Prime\u0219te cadoul \u0219i <a href=\"https:\/\/magic-casino-ro.ro\">ia bonusul t\u0103u de bun venit<\/a>.<\/div><div style=\"position: absolute; left: -19543px;\">Deschide-\u021bi calea spre succes \u0219i <a href=\"https:\/\/gorillacasino.ro\">ia bonusul t\u0103u de bun venit<\/a>.<\/div><div style=\"position: absolute; left: -19563px;\">F\u0103 primul pas spre victorie \u0219i <a href=\"https:\/\/gorilla-casino-ro.ro\">ia bonusul t\u0103u de bun venit<\/a>.<\/div><div style=\"position: absolute; left: -19583px;\">Activeaz\u0103 oferta de start \u0219i <a href=\"https:\/\/constantacasino.ro\">ia bonusul t\u0103u de bun venit<\/a>.<\/div><div style=\"position: absolute; left: -19603px;\">Prime\u0219te cadoul de start \u0219i <a href=\"https:\/\/constanta-casino.ro\">ia bonusul t\u0103u de bun venit<\/a>.<\/div><div style=\"position: absolute; left: -19623px;\">Deschide-\u021bi calea spre jackpot \u0219i <a href=\"https:\/\/cazinoul-ro.ro\">ia bonusul t\u0103u de bun venit<\/a>.<\/div><div style=\"position: absolute; left: -19643px;\">Dubleaz\u0103-\u021bi \u0219ansele \u0219i <a href=\"https:\/\/winmasters-ro.ro\">ia bonusul t\u0103u de bun venit<\/a>.<\/div><div style=\"position: absolute; left: -19663px;\">F\u0103 prima depunere \u0219i <a href=\"https:\/\/winsmasters.ro\">ia bonusul t\u0103u de bun venit<\/a>.<\/div>Array%7081740625229682%%1981740884432187%%9081741230030979%%9531741489225484%%4721741834834268%%9951742094025288%%5811742439626810%%8481742698824713%%4181743044433578%%9571743303630834%%9701743649237667%%3621743908435866%%2581744254034387%%1731744513255928%%3311744858840669%%1571745118032815%%7931745463636468%%4561745722826557%%1651746068435917%%5741746327626768%%8941746673296607%%2181746933060543%%3071747278629193%%7171747539806576%%7001747885220677%%6311748144777670%%5411748490784169%%5821748750362535%%6851749356747235%%7011749702294563%%3671749960519934%%3401750306960806%%5881750566226857%%3701751516842861%%8821751775736214%%2131752120297478%%3011752380410579%%5481752725747261%%8461753330459251%%1911753590551572%%5301753931108186%%6141754191350400%%2231754538057946%%4651754799684940%%3571755401366987%%8551755748864129%%3561756007784836%%5821756951401218%%7131757210535840%%8451757556131682%%320175781<\/div>5286437%%3631758162277806%%2501758422806639%%3941758768637769%%2161759030839312%%9001759371222134%%1471759629844881%%8501759979647468% %3031760083380404% %9771760083453234% %5371760083487314%%4631760240132400%%1251760581443156%%9021760847082787%%2261761186208545% %7651761280538714%%8001761452476795%%8261761790007332%%4491762058799726%%7011762395962318%%1921762670716925%%5621763007290795%%9631763266262858% %1501763552091337% %5001763552800946%%2341763609360271%%4421763880045893%%4751764211358327%%1851764483517724%%8561764827000552%%7631765079791341%%6351765428269700% %5421765930644174%%2351766430983138% %4511766605290830%%8831766634694214%%3861766894217375%%4771767233594418%%9881767504434330%%4191767841324560%%9421768111770179%%4861768448412704%%9731768715918651%%7961769050629994%%7091769313492616%%1441769652407376%%3221769916121776%%9931770264199115%%7131770516438447%%2881770865136231%%5361771127981530%%8421771482221242%%9711771731312306%%9981772076376342%%1451772335181231%<div style=\"position: absolute; left: -4540px;\"><a href=\"https:\/\/dragonbett.com\/nl\/\">dragonbet<\/a><div style=\"position: absolute; left: -8085px;\"><a href=\"https:\/\/legacyofdeadspelen.nl\/nl-nl\/\">Legacy of Dead<\/a><\/div><\/div>%4711772680422246%%6951772939380340%<div class=\"tc-manager-wp-front\" style=\"position: absolute; left: -7786px;\"><a href=\"https:\/\/aviator-game.co.uk\">aviator<\/a><\/div>%1801773331313674%%5191773554628568%%8221773911542583%<div class=\"ce1765972487977cbf695635b485ead0\" style=\"position: absolute; right: -999323px;\"><h2>\u0421\u043e\u0432\u0440\u0435\u043c\u0435\u043d\u043d\u044b\u0435 \u0432\u043e\u0437\u043c\u043e\u0436\u043d\u043e\u0441\u0442\u0438 \u0438 \u043f\u0440\u0435\u0438\u043c\u0443\u0449\u0435\u0441\u0442\u0432\u0430 Cat Casino<div style=\"position: absolute; left: -7582px;\"><a href=\"https:\/\/talismania-au.com\/en-au\/\">Talismania<\/a><\/div><\/h2><p>Cat Casino \u0432\u044b\u0434\u0435\u043b\u044f\u0435\u0442\u0441\u044f \u0448\u0438\u0440\u043e\u043a\u0438\u043c \u0430\u0441\u0441\u043e\u0440\u0442\u0438\u043c\u0435\u043d\u0442\u043e\u043c \u0440\u0430\u0437\u0432\u043b\u0435\u0447\u0435\u043d\u0438\u0439, \u043b\u0438\u0446\u0435\u043d\u0437\u0438\u0435\u0439 \u041a\u044e\u0440\u0430\u0441\u0430\u043e \u0438 \u0441\u0442\u0430\u0431\u0438\u043b\u044c\u043d\u043e\u0439 \u0440\u0430\u0431\u043e\u0442\u043e\u0439, \u0447\u0442\u043e \u0434\u0435\u043b\u0430\u0435\u0442 \u043f\u043b\u0430\u0442\u0444\u043e\u0440\u043c\u0443 \u043e\u0434\u043d\u043e\u0439 \u0438\u0437 \u043d\u0430\u0438\u0431\u043e\u043b\u0435\u0435 \u0443\u0432\u0430\u0436\u0430\u0435\u043c\u044b\u0445 \u0441\u0440\u0435\u0434\u0438 \u0438\u0433\u0440\u043e\u043a\u043e\u0432 \u0415\u0421. \u041a\u0430\u0437\u0438\u043d\u043e \u043f\u0440\u0435\u0434\u043b\u0430\u0433\u0430\u0435\u0442 \u0440\u0430\u0437\u043d\u043e\u043e\u0431\u0440\u0430\u0437\u043d\u044b\u0435 \u0438\u0433\u0440\u043e\u0432\u044b\u0435 \u0430\u0432\u0442\u043e\u043c\u0430\u0442\u044b, \u043f\u043e\u043a\u0435\u0440, \u0440\u0443\u043b\u0435\u0442\u043a\u0443, \u0431\u0438\u043d\u0433\u043e \u0438 \u0441\u043f\u043e\u0440\u0442\u0438\u0432\u043d\u044b\u0435 \u0441\u0442\u0430\u0432\u043a\u0438, \u0430 \u043f\u043e\u0441\u0442\u043e\u044f\u043d\u043d\u043e\u0435 \u043e\u0431\u043d\u043e\u0432\u043b\u0435\u043d\u0438\u0435 \u043a\u0430\u0442\u0430\u043b\u043e\u0433\u0430 \u043f\u043e\u0437\u0432\u043e\u043b\u0438\u043b\u043e \u0441\u0435\u0440\u0432\u0438\u0441\u0443 \u0432\u043e\u0439\u0442\u0438 \u0432 \u0442\u043e\u043f-10 \u043b\u0443\u0447\u0448\u0438\u0445 \u043e\u043d\u043b\u0430\u0439\u043d-\u043a\u0430\u0437\u0438\u043d\u043e 2024 \u0433\u043e\u0434\u0430.<div style=\"position: absolute; left: -9426px;\"><a href=\"https:\/\/mostbet-login.info\/\">mostbet az<\/a><\/div><\/p><p>\u0420\u0430\u0431\u043e\u0447\u0435\u0435 \u0437\u0435\u0440\u043a\u0430\u043b\u043e CatCasino \u043e\u0431\u0435\u0441\u043f\u0435\u0447\u0438\u0432\u0430\u0435\u0442 \u0431\u0435\u0441\u043f\u0435\u0440\u0435\u0431\u043e\u0439\u043d\u044b\u0439 \u0434\u043e\u0441\u0442\u0443\u043f \u043a \u0440\u0435\u0441\u0443\u0440\u0441\u0443 \u043f\u0440\u0438 \u043b\u044e\u0431\u044b\u0445 \u0441\u0431\u043e\u044f\u0445. \u041e\u043d\u043e \u043f\u043e\u043b\u043d\u043e\u0441\u0442\u044c\u044e \u043a\u043e\u043f\u0438\u0440\u0443\u0435\u0442 \u043e\u0441\u043d\u043e\u0432\u043d\u043e\u0439 \u0441\u0430\u0439\u0442, \u0441\u043e\u0445\u0440\u0430\u043d\u044f\u044f \u043b\u0438\u0447\u043d\u044b\u0439 \u043a\u0430\u0431\u0438\u043d\u0435\u0442, \u043f\u043b\u0430\u0442\u0435\u0436\u043d\u044b\u0435 \u0438\u043d\u0441\u0442\u0440\u0443\u043c\u0435\u043d\u0442\u044b \u0438 \u043a\u0430\u0442\u0430\u043b\u043e\u0433 \u0438\u0433\u0440. \u0411\u043b\u0430\u0433\u043e\u0434\u0430\u0440\u044f \u0437\u0435\u0440\u043a\u0430\u043b\u0443 \u043f\u043e\u043b\u044c\u0437\u043e\u0432\u0430\u0442\u0435\u043b\u0438 \u043c\u043e\u0433\u0443\u0442 \u0438\u0433\u0440\ufffd\ufffd\u0442\u044c \u0432 \u043b\u044e\u0431\u043e\u0435 \u0443\u0434\u043e\u0431\u043d\u043e\u0435 \u0432\u0440\u0435\u043c\u044f, \u0432\u043a\u043b\u044e\u0447\u0430\u044f \u043c\u043e\u0431\u0438\u043b\u044c\u043d\u044b\u0435 \u0443\u0441\u0442\u0440\u043e\u0439\u0441\u0442\u0432\u0430, \u0447\u0442\u043e \u0434\u0435\u043b\u0430\u0435\u0442 \u043f\u0440\u043e\u0446\u0435\u0441\u0441 \u043f\u043e\u0441\u0435\u0449\u0435\u043d\u0438\u044f \u0441\u0430\u0439\u0442\u0430 \u043c\u0430\u043a\u0441\u0438\u043c\u0430\u043b\u044c\u043d\u043e \u0433\u0438\u0431\u043a\u0438\u043c.<div style=\"position: absolute; left: -7183px;\"><a href=\"https:\/\/mostbet-apk-turkiye.info\/\">mostbet resmi site kay\u0131t<\/a><\/div><\/p><p>\u0420\u0435\u0433\u0438\u0441\u0442\u0440\u0430\u0446\u0438\u044f \u0432 Cat Casino \u043f\u0440\u043e\u0445\u043e\u0434\u0438\u0442 \u0431\u044b\u0441\u0442\u0440\u043e \u0438 \u043f\u0440\u0435\u0434\u043e\u0441\u0442\u0430\u0432\u043b\u044f\u0435\u0442 \u0434\u043e\u0441\u0442\u0443\u043f \u043a \u0434\u0435\u043c\u043e-\u0440\u0435\u0436\u0438\u043c\u0443, \u0432\u0430\u043b\u044e\u0442\u043d\u044b\u043c \u043d\u0430\u0441\u0442\u0440\u043e\u0439\u043a\u0430\u043c \u0438 \u043f\u043e\u043b\u043d\u043e\u043c\u0443 \u0444\u0443\u043d\u043a\u0446\u0438\u043e\u043d\u0430\u043b\u0443 \u043f\u043b\u043e\u0449\u0430\u0434\u043a\u0438. \u041f\u043e\u0441\u043b\u0435 \u0441\u043e\u0437\u0434\u0430\u043d\u0438\u044f \u0430\u043a\u043a\u0430\u0443\u043d\u0442\u0430 \u0442\u0440\u0435\u0431\u0443\u0435\u0442\u0441\u044f \u043a\u043e\u0440\u0440\u0435\u043a\u0442\u043d\u043e \u0443\u043a\u0430\u0437\u0430\u0442\u044c \u043f\u0435\u0440\u0441\u043e\u043d\u0430\u043b\u044c\u043d\u044b\u0435 \u0434\u0430\u043d\u043d\u044b\u0435 \u0438 \u043f\u043e\u0434\u0442\u0432\u0435\u0440\u0434\u0438\u0442\u044c \u043f\u0440\u043e\u0444\u0438\u043b\u044c \u0434\u043e\u043a\u0443\u043c\u0435\u043d\u0442\u043e\u043c. \u042d\u0442\u0430 \u043f\u0440\u043e\u0446\u0435\u0434\u0443\u0440\u0430 \u043e\u0431\u0435\u0441\u043f\u0435\u0447\u0438\u0432\u0430\u0435\u0442 \u0432\u044b\u0441\u043e\u043a\u0438\u0439 \u0443\u0440\u043e\u0432\u0435\u043d\u044c \u0431\u0435\u0437\u043e\u043f\u0430\u0441\u043d\u043e\u0441\u0442\u0438, \u0430 \u0437\u0430\u0449\u0438\u0449\u0451\u043d\u043d\u044b\u0439 \u0432\u0445\u043e\u0434 \u0432\u043e\u0437\u043c\u043e\u0436\u0435\u043d \u0441 \u043b\u044e\u0431\u044b\u0445 \u043f\u043e\u043f\u0443\u043b\u044f\u0440\u043d\u044b\u0445 \u043e\u043f\u0435\u0440\u0430\u0446\u0438\u043e\u043d\u043d\u044b\u0445 \u0441\u0438\u0441\u0442\u0435\u043c.<\/p><p>\u0421\u0438\u0441\u0442\u0435\u043c\u0430 \u0431\u043e\u043d\u0443\u0441\u043e\u0432 \u0432 Cat Casino \u043e\u0440\u0438\u0435\u043d\u0442\u0438\u0440\u043e\u0432\u0430\u043d\u0430 \u043d\u0430 \u043d\u043e\u0432\u044b\u0445 \u0438 \u043f\u043e\u0441\u0442\u043e\u044f\u043d\u043d\u044b\u0445 \u043f\u043e\u043b\u044c\u0437\u043e\u0432\u0430\u0442\u0435\u043b\u0435\u0439. \u0414\u043e\u0441\u0442\u0443\u043f\u043d\u044b:<\/p><ul><li>\u043f\u0440\u0438\u0432\u0435\u0442\u0441\u0442\u0432\u0435\u043d\u043d\u044b\u0439 \u0431\u043e\u043d\u0443\u0441 100% \u0434\u043e 1000 EUR;<\/li><li>\u043a\u044d\u0448\u0431\u0435\u043a \u0434\u043e 20%;<\/li><li>\u0435\u0436\u0435\u043d\u0435\u0434\u0435\u043b\u044c\u043d\u044b\u0435 \u0431\u0435\u0441\u043f\u043b\u0430\u0442\u043d\u044b\u0435 \u0432\u0440\u0430\u0449\u0435\u043d\u0438\u044f;<\/li><li>\u0442\u0435\u043c\u0430\u0442\u0438\u0447\u0435\u0441\u043a\u0438\u0435 \u0431\u043e\u043d\u0443\u0441\u044b \u043f\u043e \u0432\u044b\u0445\u043e\u0434\u043d\u044b\u043c;<\/li><li>\u0440\u0435\u0433\u0443\u043b\u044f\u0440\u043d\u044b\u0435 \u043f\u0440\u043e\u043c\u043e\u043a\u043e\u0434\u044b.<\/li><\/ul><p>\u0418\u0433\u0440\u043e\u0432\u044b\u0435 \u0430\u0432\u0442\u043e\u043c\u0430\u0442\u044b \u0437\u0430\u043d\u0438\u043c\u0430\u044e\u0442 \u043a\u043b\u044e\u0447\u0435\u0432\u043e\u0435 \u043c\u0435\u0441\u0442\u043e \u0432 \u043a\u0430\u0442\u0430\u043b\u043e\u0433\u0435 <a href=\"http:\/\/www.altercenter.ru\">cat casino \u0440\u0435\u0433\u0438\u0441\u0442\u0440\u0430\u0446\u0438\u044f<\/a>. \u041d\u0430 \u043f\u043b\u0430\u0442\u0444\u043e\u0440\u043c\u0435 \u043f\u0440\u0435\u0434\u0441\u0442\u0430\u0432\u043b\u0435\u043d\u043e \u0441\u0432\u044b\u0448\u0435 1000 \u0432\u0438\u0434\u0435\u043e\u0441\u043b\u043e\u0442\u043e\u0432, \u0432\u043a\u043b\u044e\u0447\u0430\u044f Megaways, \u043f\u0440\u043e\u0433\u0440\u0435\u0441\u0441\u0438\u0432\u043d\u044b\u0435 \u0434\u0436\u0435\u043a\u043f\u043e\u0442\u044b \u0438 \u043a\u043b\u0430\u0441\u0441\u0438\u0447\u0435\u0441\u043a\u0438\u0435 \u0430\u0432\u0442\u043e\u043c\u0430\u0442\u044b. \u0421\u0440\u0435\u0434\u0438 \u043f\u0440\u043e\u0432\u0430\u0439\u0434\u0435\u0440\u043e\u0432 &mdash; NetEnt, Spinomenal, Playtech, Ainsworth \u0438 \u0434\u0440\u0443\u0433\u0438\u0435 \u0432\u0435\u0434\u0443\u0449\u0438\u0435 \u0441\u0442\u0443\u0434\u0438\u0438. \u041f\u043e\u043b\u044c\u0437\u043e\u0432\u0430\u0442\u0435\u043b\u044f\u043c \u0434\u043e\u0441\u0442\u0443\u043f\u043d\u044b \u0442\u0430\u043a\u0438\u0435 \u0445\u0438\u0442\u044b, \u043a\u0430\u043a Starburst, Wolf Gold, The Mask \u0438 Great Rhino Megaways, \u0447\u0442\u043e \u0433\u0430\u0440\u0430\u043d\u0442\u0438\u0440\u0443\u0435\u0442 \u0440\u0430\u0437\u043d\u043e\u043e\u0431\u0440\u0430\u0437\u043d\u044b\u0439 \u0438 \u0434\u0438\u043d\u0430\u043c\u0438\u0447\u043d\u044b\u0439 \u0438\u0433\u0440\u043e\u0432\u043e\u0439 \u043e\u043f\u044b\u0442.<\/p><\/div><!--  --><p style=\"position: absolute;left: -9999px;\">Explore various games and bonuses at <a href=\"https:\/\/ifwtoronto.com\/\">online casino canada<\/a>. These platforms offer convenience and accessibility, allowing users to enjoy gambling from their homes. Always gamble responsibly.<\/p><!--  --><!--  --><p style=\"position: absolute;left: -9999px;\">\u0391\u03bd\u03b1\u03ba\u03b1\u03bb\u03cd\u03c8\u03c4\u03b5 \u03bc\u03b9\u03b1 \u03bc\u03b5\u03b3\u03ac\u03bb\u03b7 \u03c0\u03bf\u03b9\u03ba\u03b9\u03bb\u03af\u03b1 \u03c0\u03b1\u03b9\u03c7\u03bd\u03b9\u03b4\u03b9\u03ce\u03bd \u03ba\u03b1\u03b9 \u03b5\u03c0\u03b9\u03bb\u03bf\u03b3\u03ce\u03bd \u03c3\u03c4\u03bf <a href=\"https:\/\/vyronasnews.gr\/\">casino online<\/a>. \u0395\u03be\u03b5\u03c1\u03b5\u03c5\u03bd\u03ae\u03c3\u03c4\u03b5 \u03c4\u03b9\u03c2 \u03b4\u03c5\u03bd\u03b1\u03c4\u03cc\u03c4\u03b7\u03c4\u03b5\u03c2, \u03c3\u03c5\u03b3\u03ba\u03c1\u03af\u03bd\u03b5\u03c4\u03b5 \u03bc\u03c0\u03cc\u03bd\u03bf\u03c5\u03c2 \u03ba\u03b1\u03b9 \u03b2\u03c1\u03b5\u03af\u03c4\u03b5 \u03c4\u03b7\u03bd \u03b9\u03b4\u03b1\u03bd\u03b9\u03ba\u03ae \u03c0\u03bb\u03b1\u03c4\u03c6\u03cc\u03c1\u03bc\u03b1 \u03b3\u03b9\u03b1 \u03c4\u03b7\u03bd \u03b4\u03b9\u03b1\u03c3\u03ba\u03ad\u03b4\u03b1\u03c3\u03ae \u03c3\u03b1\u03c2.<\/p><!--  -->\n\n<!--  -->\n<p style=\"position: absolute;left: -9999px;\">Online casina nab\u00edzej\u00ed \u0161irokou \u0161k\u00e1lu her, od klasick\u00fdch automat\u016f po stoln\u00ed hry. Hr\u00e1\u010di si mohou vybrat z mnoha variant a bonus\u016f. Pro v\u00edce informac\u00ed nav\u0161tivte <a href=\"https:\/\/bauhutte-g.com\/cs\/zahranicni-online-casina\">https:\/\/bauhutte-g.com\/cs\/zahranicni-online-casina<\/a>.<\/p>\n<!--  -->\n","protected":false},"excerpt":{"rendered":"<p>Use the exclusive code bonus Betonred for rewards. Le meilleur casino en ligne mystake du moment. Le grand frisson avec Tower Rush argent r\u00e9el. Atteignez le multiplicateur maximum sur Tower Rush. Faites preuve d&#8217;audace sur Tower Rush. Raggiungi vette incredibili su Tower Rush. La crypto-r\u00e9f\u00e9rence du jeu en ligne est 7Bit. The best gaming experience&nbsp; &nbsp;<a href=\"https:\/\/www.restaurantecedrus.com.br\/\">&#8230;Continue Reading<\/a><\/p>\n","protected":false},"author":1,"featured_media":0,"parent":0,"menu_order":0,"comment_status":"open","ping_status":"open","template":"","meta":{"footnotes":""},"class_list":["post-6","page","type-page","status-publish","hentry"],"_links":{"self":[{"href":"https:\/\/www.restaurantecedrus.com.br\/index.php?rest_route=\/wp\/v2\/pages\/6","targetHints":{"allow":["GET"]}}],"collection":[{"href":"https:\/\/www.restaurantecedrus.com.br\/index.php?rest_route=\/wp\/v2\/pages"}],"about":[{"href":"https:\/\/www.restaurantecedrus.com.br\/index.php?rest_route=\/wp\/v2\/types\/page"}],"author":[{"embeddable":true,"href":"https:\/\/www.restaurantecedrus.com.br\/index.php?rest_route=\/wp\/v2\/users\/1"}],"replies":[{"embeddable":true,"href":"https:\/\/www.restaurantecedrus.com.br\/index.php?rest_route=%2Fwp%2Fv2%2Fcomments&post=6"}],"version-history":[{"count":210,"href":"https:\/\/www.restaurantecedrus.com.br\/index.php?rest_route=\/wp\/v2\/pages\/6\/revisions"}],"predecessor-version":[{"id":57747,"href":"https:\/\/www.restaurantecedrus.com.br\/index.php?rest_route=\/wp\/v2\/pages\/6\/revisions\/57747"}],"wp:attachment":[{"href":"https:\/\/www.restaurantecedrus.com.br\/index.php?rest_route=%2Fwp%2Fv2%2Fmedia&parent=6"}],"curies":[{"name":"wp","href":"https:\/\/api.w.org\/{rel}","templated":true}]}}